{"id":456,"date":"2026-04-13T08:43:35","date_gmt":"2026-04-13T08:43:35","guid":{"rendered":"https:\/\/coachdanail.com\/?page_id=456"},"modified":"2026-04-14T10:44:55","modified_gmt":"2026-04-14T10:44:55","slug":"%d1%81%d0%be%d1%80%d0%b0%d0%b1%d0%be%d1%82%d0%ba%d0%b0","status":"publish","type":"page","link":"https:\/\/coachdanail.com\/sl\/%d1%81%d0%be%d1%80%d0%b0%d0%b1%d0%be%d1%82%d0%ba%d0%b0\/","title":{"rendered":"Sodelovanje"},"content":{"rendered":"<div data-elementor-type=\"wp-page\" data-elementor-id=\"456\" class=\"elementor elementor-456\" data-elementor-post-type=\"page\">\n\t\t\t\t<div class=\"elementor-element elementor-element-1276b3d8 e-flex e-con-boxed e-con e-parent\" data-id=\"1276b3d8\" data-element_type=\"container\" data-e-type=\"container\" data-settings=\"{&quot;background_background&quot;:&quot;classic&quot;}\">\n\t\t\t\t\t<div class=\"e-con-inner\">\n\t\t<div class=\"elementor-element elementor-element-6539f56b e-con-full e-flex e-con e-child\" data-id=\"6539f56b\" data-element_type=\"container\" data-e-type=\"container\">\n\t\t\t\t<div class=\"elementor-element elementor-element-4fab6617 elementor-widget elementor-widget-gum_heading\" data-id=\"4fab6617\" data-element_type=\"widget\" data-e-type=\"widget\" data-widget_type=\"gum_heading.default\">\n\t\t\t\t<div class=\"elementor-widget-container\">\n\t\t\t\t\t<div class=\"gum-widget-title\"><h2 class=\"section-main-title size-default\">Sodelovanje<\/h2><\/div>\t\t\t\t<\/div>\n\t\t\t\t<\/div>\n\t\t\t\t<div class=\"elementor-element elementor-element-4bdcbdeb elementor-widget elementor-widget-gum_heading\" data-id=\"4bdcbdeb\" data-element_type=\"widget\" data-e-type=\"widget\" data-widget_type=\"gum_heading.default\">\n\t\t\t\t<div class=\"elementor-widget-container\">\n\t\t\t\t\t<div class=\"gum-widget-title\"><h2 class=\"section-main-title size-default\"><span class=\"prefix\"><\/span><span class=\"maintitle\">Domov &gt; <\/span><span class=\"subfix\">Sodelovanje<\/span><\/h2><\/div>\t\t\t\t<\/div>\n\t\t\t\t<\/div>\n\t\t\t\t<\/div>\n\t\t\t\t\t<\/div>\n\t\t\t\t<\/div>\n\t\t<div class=\"elementor-element elementor-element-668e031 e-flex e-con-boxed e-con e-parent\" data-id=\"668e031\" data-element_type=\"container\" data-e-type=\"container\" data-settings=\"{&quot;background_background&quot;:&quot;gradient&quot;}\">\n\t\t\t\t\t<div class=\"e-con-inner\">\n\t\t<div class=\"elementor-element elementor-element-0fc90f8 e-con-full e-flex e-con e-child\" data-id=\"0fc90f8\" data-element_type=\"container\" data-e-type=\"container\">\n\t\t\t\t<div class=\"elementor-element elementor-element-88cd943 elementor-widget elementor-widget-heading\" data-id=\"88cd943\" data-element_type=\"widget\" data-e-type=\"widget\" data-widget_type=\"heading.default\">\n\t\t\t\t\t<h2 class=\"elementor-heading-title elementor-size-default\">MENTORSTVO<\/h2>\t\t\t\t<\/div>\n\t\t\t\t<div class=\"elementor-element elementor-element-bf7a374 elementor-widget elementor-widget-heading\" data-id=\"bf7a374\" data-element_type=\"widget\" data-e-type=\"widget\" data-widget_type=\"heading.default\">\n\t\t\t\t\t<h2 class=\"elementor-heading-title elementor-size-default\">Kaj vse to vklju\u010duje?<\/h2>\t\t\t\t<\/div>\n\t\t\t\t<\/div>\n\t\t<div class=\"elementor-element elementor-element-420147e e-con-full e-flex e-con e-child\" data-id=\"420147e\" data-element_type=\"container\" data-e-type=\"container\">\n\t\t<div class=\"elementor-element elementor-element-b297649 e-con-full e-flex e-con e-child\" data-id=\"b297649\" data-element_type=\"container\" data-e-type=\"container\">\n\t\t\t\t<div class=\"elementor-element elementor-element-2bbb259 elementor-widget__width-initial elementor-widget elementor-widget-image\" data-id=\"2bbb259\" data-element_type=\"widget\" data-e-type=\"widget\" data-widget_type=\"image.default\">\n\t\t\t\t\t\t\t\t\t\t\t\t\t\t\t\t<a href=\"https:\/\/coachdanail.com\/wp-content\/uploads\/2026\/04\/IMG_6220-scaled-2.jpg\" data-elementor-open-lightbox=\"yes\" data-elementor-lightbox-title=\"IMG_6220-scaled\" data-e-action-hash=\"#elementor-action%3Aaction%3Dlightbox%26settings%3DeyJpZCI6MzE2LCJ1cmwiOiJodHRwczpcL1wvY29hY2hkYW5haWwuY29tXC93cC1jb250ZW50XC91cGxvYWRzXC8yMDI2XC8wNFwvSU1HXzYyMjAtc2NhbGVkLTIuanBnIn0%3D\">\n\t\t\t\t\t\t\t<img fetchpriority=\"high\" decoding=\"async\" width=\"1920\" height=\"2560\" src=\"https:\/\/coachdanail.com\/wp-content\/uploads\/2026\/04\/IMG_6220-scaled-2.jpg\" class=\"attachment-full size-full wp-image-316\" alt=\"\" srcset=\"https:\/\/coachdanail.com\/wp-content\/uploads\/2026\/04\/IMG_6220-scaled-2.jpg 1920w, https:\/\/coachdanail.com\/wp-content\/uploads\/2026\/04\/IMG_6220-scaled-2-225x300.jpg 225w, https:\/\/coachdanail.com\/wp-content\/uploads\/2026\/04\/IMG_6220-scaled-2-768x1024.jpg 768w, https:\/\/coachdanail.com\/wp-content\/uploads\/2026\/04\/IMG_6220-scaled-2-1152x1536.jpg 1152w, https:\/\/coachdanail.com\/wp-content\/uploads\/2026\/04\/IMG_6220-scaled-2-1536x2048.jpg 1536w\" sizes=\"(max-width: 1920px) 100vw, 1920px\" \/>\t\t\t\t\t\t\t\t<\/a>\n\t\t\t\t\t\t\t\t\t\t\t\t\t\t\t<\/div>\n\t\t<div class=\"elementor-element elementor-element-e0f7ad5 e-con-full e-flex e-con e-child\" data-id=\"e0f7ad5\" data-element_type=\"container\" data-e-type=\"container\">\n\t\t\t\t<div class=\"elementor-element elementor-element-a325841 elementor-widget elementor-widget-heading\" data-id=\"a325841\" data-element_type=\"widget\" data-e-type=\"widget\" data-widget_type=\"heading.default\">\n\t\t\t\t\t<h2 class=\"elementor-heading-title elementor-size-default\">Prilagojen program treninga<\/h2>\t\t\t\t<\/div>\n\t\t\t\t<div class=\"elementor-element elementor-element-5e670d3 elementor-widget elementor-widget-text-editor\" data-id=\"5e670d3\" data-element_type=\"widget\" data-e-type=\"widget\" data-widget_type=\"text-editor.default\">\n\t\t\t\t\t\t\t\t\t<p>Personaliziran program vadbe, ki je skrbno zasnovan, periodiziran in prilagojen va\u0161im zmo\u017enostim in ciljem. V programu vadbe so jasno predstavljene vaje, serije in \u0161tevilo ponovitev ter njihova intenzivnost. Program se prilagaja iz tedna v teden, odvisno od rezultatov, ki jih dose\u017eete na vadbah, in povratnih informacij, ki jih prejmem od vas. Kar pomeni, da ne dobite le seznama vaj in \u0161tevilk, temve\u010d se sam proces vadbe spremlja in spreminja v skladu z va\u0161im napredkom, kar je klju\u010dno za doseganje vrhunskih rezultatov.<\/p>\t\t\t\t\t\t\t\t<\/div>\n\t\t\t\t<\/div>\n\t\t\t\t<\/div>\n\t\t<div class=\"elementor-element elementor-element-d02b29d e-con-full e-flex e-con e-child\" data-id=\"d02b29d\" data-element_type=\"container\" data-e-type=\"container\">\n\t\t<div class=\"elementor-element elementor-element-0c3701c e-con-full e-flex e-con e-child\" data-id=\"0c3701c\" data-element_type=\"container\" data-e-type=\"container\">\n\t\t\t\t<div class=\"elementor-element elementor-element-929eb14 elementor-widget elementor-widget-heading\" data-id=\"929eb14\" data-element_type=\"widget\" data-e-type=\"widget\" data-widget_type=\"heading.default\">\n\t\t\t\t\t<h2 class=\"elementor-heading-title elementor-size-default\">Podroben prehranski na\u010drt<\/h2>\t\t\t\t<\/div>\n\t\t\t\t<div class=\"elementor-element elementor-element-3ce1ef2 elementor-widget elementor-widget-text-editor\" data-id=\"3ce1ef2\" data-element_type=\"widget\" data-e-type=\"widget\" data-widget_type=\"text-editor.default\">\n\t\t\t\t\t\t\t\t\t<p>Podroben prehranski na\u010drt, ki je maksimalno individualno prilagojen glede na potrebe va\u0161ega telesa in trenutni cilj, ki ga imate. Koli\u010dina hrane, kombinacija, \u010das obrokov (ki se prilagaja glede na va\u0161o dnevno organizacijo) je jasno zapisan. Na\u010drt se tedensko spreminja v skladu z va\u0161im napredkom in povratnimi informacijami.<\/p>\t\t\t\t\t\t\t\t<\/div>\n\t\t\t\t<\/div>\n\t\t<div class=\"elementor-element elementor-element-0671694 e-con-full e-flex e-con e-child\" data-id=\"0671694\" data-element_type=\"container\" data-e-type=\"container\">\n\t\t\t\t<div class=\"elementor-element elementor-element-cae8d1d elementor-widget elementor-widget-heading\" data-id=\"cae8d1d\" data-element_type=\"widget\" data-e-type=\"widget\" data-widget_type=\"heading.default\">\n\t\t\t\t\t<h2 class=\"elementor-heading-title elementor-size-default\">Spremljanje procesa treninga<\/h2>\t\t\t\t<\/div>\n\t\t\t\t<div class=\"elementor-element elementor-element-fd7adc5 elementor-widget elementor-widget-text-editor\" data-id=\"fd7adc5\" data-element_type=\"widget\" data-e-type=\"widget\" data-widget_type=\"text-editor.default\">\n\t\t\t\t\t\t\t\t\t<p>Spremljanje procesa vadbe, kjer se spremlja in bele\u017ei va\u0161 napredek ter se ustrezno spreminja sam program vadbe. Vse to nam daje objektivne rezultate o tem, kako napredujemo, kar je pokazatelj, da smo na pravi poti, in nas dodatno motivira in spodbuja, da damo vse od sebe.<\/p>\t\t\t\t\t\t\t\t<\/div>\n\t\t\t\t<\/div>\n\t\t\t\t<\/div>\n\t\t<div class=\"elementor-element elementor-element-6c94b59 e-con-full e-flex e-con e-child\" data-id=\"6c94b59\" data-element_type=\"container\" data-e-type=\"container\">\n\t\t<div class=\"elementor-element elementor-element-5c42de2 e-con-full e-flex e-con e-child\" data-id=\"5c42de2\" data-element_type=\"container\" data-e-type=\"container\">\n\t\t\t\t<div class=\"elementor-element elementor-element-4e6beac elementor-widget elementor-widget-heading\" data-id=\"4e6beac\" data-element_type=\"widget\" data-e-type=\"widget\" data-widget_type=\"heading.default\">\n\t\t\t\t\t<h2 class=\"elementor-heading-title elementor-size-default\">Stalna komunikacija<\/h2>\t\t\t\t<\/div>\n\t\t\t\t<div class=\"elementor-element elementor-element-30e3424 elementor-widget elementor-widget-text-editor\" data-id=\"30e3424\" data-element_type=\"widget\" data-e-type=\"widget\" data-widget_type=\"text-editor.default\">\n\t\t\t\t\t\t\t\t\t<p>Stalna komunikacija, kjer imate mentorja (coacha), ki vas vodi skozi celoten proces in je vedno na voljo za vsa vpra\u0161anja, nasvete, te\u017eave in izzive. Zavedanje, da imate nekoga ob sebi pri tej \u017eivljenjski preobrazbi, je neprecenljiv element za uspeh.<\/p>\t\t\t\t\t\t\t\t<\/div>\n\t\t\t\t<\/div>\n\t\t<div class=\"elementor-element elementor-element-bcd56b0 e-con-full e-flex e-con e-child\" data-id=\"bcd56b0\" data-element_type=\"container\" data-e-type=\"container\">\n\t\t\t\t<div class=\"elementor-element elementor-element-5c0cdd2 elementor-widget elementor-widget-heading\" data-id=\"5c0cdd2\" data-element_type=\"widget\" data-e-type=\"widget\" data-widget_type=\"heading.default\">\n\t\t\t\t\t<h2 class=\"elementor-heading-title elementor-size-default\">Popravek dejanske izvedbe vaj<\/h2>\t\t\t\t<\/div>\n\t\t\t\t<div class=\"elementor-element elementor-element-8cba25d elementor-widget elementor-widget-text-editor\" data-id=\"8cba25d\" data-element_type=\"widget\" data-e-type=\"widget\" data-widget_type=\"text-editor.default\">\n\t\t\t\t\t\t\t\t\t<p>Popravek dejanske izvedbe vaj, kjer mi po\u0161ljete video posnetke dejanske izvedbe vaj in prejmete povratne informacije ter popravek samih vaj. To bo zagotovilo, da bomo trenirali z najbolj\u0161o mo\u017eno tehniko za maksimalen napredek in prepre\u010devanje po\u0161kodb.<\/p>\t\t\t\t\t\t\t\t<\/div>\n\t\t\t\t<\/div>\n\t\t\t\t<\/div>\n\t\t\t\t<\/div>\n\t\t\t\t\t<\/div>\n\t\t\t\t<\/div>\n\t\t<div class=\"elementor-element elementor-element-c145fa3 e-flex e-con-boxed e-con e-parent\" data-id=\"c145fa3\" data-element_type=\"container\" data-e-type=\"container\" data-settings=\"{&quot;background_background&quot;:&quot;video&quot;,&quot;background_video_link&quot;:&quot;https:\\\/\\\/www.youtube.com\\\/watch?v=4-zjQvTDnbw&quot;,&quot;background_video_start&quot;:15,&quot;background_video_end&quot;:30,&quot;background_play_on_mobile&quot;:&quot;yes&quot;}\">\n\t\t\t\t\t<div class=\"e-con-inner\">\n\t\t<div class=\"elementor-background-video-container\">\n\t\t\t\t\t\t\t<div class=\"elementor-background-video-embed\" role=\"presentation\"><\/div>\n\t\t\t\t\t\t<\/div><div class=\"elementor-element elementor-element-a82f034 e-con-full e-flex e-con e-child\" data-id=\"a82f034\" data-element_type=\"container\" data-e-type=\"container\">\n\t\t\t\t<div class=\"elementor-element elementor-element-e1eda80 elementor-widget elementor-widget-heading\" data-id=\"e1eda80\" data-element_type=\"widget\" data-e-type=\"widget\" data-widget_type=\"heading.default\">\n\t\t\t\t\t<h2 class=\"elementor-heading-title elementor-size-default\">Za\u010dni<\/h2>\t\t\t\t<\/div>\n\t\t\t\t<div class=\"elementor-element elementor-element-01571b7 elementor-widget elementor-widget-heading\" data-id=\"01571b7\" data-element_type=\"widget\" data-e-type=\"widget\" data-widget_type=\"heading.default\">\n\t\t\t\t\t<h2 class=\"elementor-heading-title elementor-size-default\">Za\u010dnite svojo fitnes pot \u0161e danes<\/h2>\t\t\t\t<\/div>\n\t\t\t\t<div class=\"elementor-element elementor-element-ffb38c0 elementor-align-center elementor-mobile-align-justify elementor-widget elementor-widget-button\" data-id=\"ffb38c0\" data-element_type=\"widget\" data-e-type=\"widget\" data-widget_type=\"button.default\">\n\t\t\t\t\t\t\t\t\t\t<a class=\"elementor-button elementor-button-link elementor-size-sm\" href=\"https:\/\/coachdanail.com\/sl\/%d0%ba%d0%be%d0%bd%d1%82%d0%b0%d0%ba%d1%82\/\">\n\t\t\t\t\t\t<span class=\"elementor-button-content-wrapper\">\n\t\t\t\t\t\t\t\t\t<span class=\"elementor-button-text\">Kontakt<\/span>\n\t\t\t\t\t<\/span>\n\t\t\t\t\t<\/a>\n\t\t\t\t\t\t\t\t<\/div>\n\t\t\t\t<\/div>\n\t\t\t\t\t<\/div>\n\t\t\t\t<\/div>\n\t\t\t\t<\/div>\n\t\t\n    <div class=\"xs_social_share_widget xs_share_url after_content \t\tmain_content  wslu-style-1 wslu-share-box-shaped wslu-fill-colored wslu-none wslu-share-horizontal wslu-theme-font-no wslu-main_content\">\n\n\t\t\n        <ul>\n\t\t\t        <\/ul>\n    <\/div>","protected":false},"excerpt":{"rendered":"<p>\u0421\u043e\u0440\u0430\u0431\u043e\u0442\u043a\u0430 \u0414\u043e\u043c\u0430 &gt; \u0421\u043e\u0440\u0430\u0431\u043e\u0442\u043a\u0430 \u041c\u0415\u041d\u0422\u041e\u0420\u0421\u0422\u0412\u041e \u0428\u0442\u043e \u0441\u00e8 \u0432\u043a\u043b\u0443\u0447\u0443\u0432\u0430? \u041f\u0435\u0440\u0441\u043e\u043d\u0430\u043b\u0438\u0437\u0438\u0440\u0430\u043d \u0442\u0440\u0435\u043d\u0438\u043d\u0433 \u043f\u0440\u043e\u0433\u0440\u0430\u043c \u041f\u0435\u0440\u0441\u043e\u043d\u0430\u043b\u0438\u0437\u0438\u0440\u0430\u043d \u0442\u0440\u0435\u043d\u0438\u043d\u0433 \u043f\u0440\u043e\u0433\u0440\u0430\u043c, \u043a\u043e\u0458 \u0435 \u0434\u0435\u0442\u0430\u043b\u043d\u043e \u043e\u0441\u043c\u0438\u0441\u043b\u0435\u043d, \u043f\u0435\u0440\u0438\u043e\u0434\u0438\u0437\u0438\u0440\u0430\u043d \u0438 \u043f\u0440\u0438\u043b\u0430\u0433\u043e\u0434\u0435\u043d \u0441\u043f\u043e\u0440\u0435\u0434 \u0432\u0430\u0448\u0438\u0442\u0435 \u043c\u043e\u0436\u043d\u043e\u0441\u0442\u0438 \u0438 \u0446\u0435\u043b\u0438. \u0412\u043e \u0442\u0440\u0435\u043d\u0438\u043d\u0433 \u043f\u0440\u043e\u0433\u0440\u0430\u043c\u043e\u0442 \u0441\u0435 \u0458\u0430\u0441\u043d\u043e \u043f\u0440\u0435\u0442\u0441\u0442\u0430\u0432\u0435\u043d\u0438 \u0432\u0435\u0436\u0431\u0438\u0442\u0435,\u0441\u0435\u0440\u0438\u0438\u0442\u0435 \u0438 \u0431\u0440\u043e\u0458\u043e\u0442 \u043d\u0430 \u043f\u043e\u0432\u0442\u043e\u0440\u0443\u0432\u0430\u045a\u0430 \u043a\u0430\u043a\u043e \u0438 \u0438\u043d\u0442\u0435\u043d\u0437\u0438\u0442\u0435\u0442\u043e\u0442 \u043d\u0430 \u0438\u0441\u0442\u0438\u0442\u0435. \u041f\u0440\u043e\u0433\u0440\u0430\u043c\u043e\u0442 \u0441\u0435 \u043a\u043e\u0440\u0438\u0433\u0438\u0440\u0430 \u043e\u0434 \u043d\u0435\u0434\u0435\u043b\u0430 \u0432\u043e \u043d\u0435\u0434\u0435\u043b\u0430, \u0432\u043e \u0437\u0430\u0432\u0438\u0441\u043d\u043e\u0441\u0442 \u043e\u0434 \u0440\u0435\u0437\u0443\u043b\u0442\u0430\u0442\u0438\u0442\u0435 \u043a\u043e\u0438 \u0433\u0438 [&hellip;]<\/p>\n","protected":false},"author":2,"featured_media":0,"parent":0,"menu_order":0,"comment_status":"closed","ping_status":"closed","template":"","meta":{"postBodyCss":"","postBodyMargin":[],"postBodyPadding":[],"postBodyBackground":{"backgroundType":"classic","gradient":""},"footnotes":""},"class_list":["post-456","page","type-page","status-publish","hentry"],"aioseo_notices":[],"_links":{"self":[{"href":"https:\/\/coachdanail.com\/sl\/wp-json\/wp\/v2\/pages\/456","targetHints":{"allow":["GET"]}}],"collection":[{"href":"https:\/\/coachdanail.com\/sl\/wp-json\/wp\/v2\/pages"}],"about":[{"href":"https:\/\/coachdanail.com\/sl\/wp-json\/wp\/v2\/types\/page"}],"author":[{"embeddable":true,"href":"https:\/\/coachdanail.com\/sl\/wp-json\/wp\/v2\/users\/2"}],"replies":[{"embeddable":true,"href":"https:\/\/coachdanail.com\/sl\/wp-json\/wp\/v2\/comments?post=456"}],"version-history":[{"count":43,"href":"https:\/\/coachdanail.com\/sl\/wp-json\/wp\/v2\/pages\/456\/revisions"}],"predecessor-version":[{"id":685,"href":"https:\/\/coachdanail.com\/sl\/wp-json\/wp\/v2\/pages\/456\/revisions\/685"}],"wp:attachment":[{"href":"https:\/\/coachdanail.com\/sl\/wp-json\/wp\/v2\/media?parent=456"}],"curies":[{"name":"wp","href":"https:\/\/api.w.org\/{rel}","templated":true}]}}