{"id":235,"date":"2026-04-11T19:24:19","date_gmt":"2026-04-11T19:24:19","guid":{"rendered":"http:\/\/coach-danail.local\/?page_id=235"},"modified":"2026-04-14T09:21:11","modified_gmt":"2026-04-14T09:21:11","slug":"%d1%87%d0%b5%d1%81%d1%82%d0%b8-%d0%bf%d1%80%d0%b0%d1%88%d0%b0%d1%9a%d0%b0","status":"publish","type":"page","link":"https:\/\/coachdanail.com\/sl\/%d1%87%d0%b5%d1%81%d1%82%d0%b8-%d0%bf%d1%80%d0%b0%d1%88%d0%b0%d1%9a%d0%b0\/","title":{"rendered":"Pogosta vpra\u0161anja"},"content":{"rendered":"<div data-elementor-type=\"wp-page\" data-elementor-id=\"235\" class=\"elementor elementor-235\" data-elementor-post-type=\"page\">\n\t\t\t\t<div class=\"elementor-element elementor-element-54cde6ec e-flex e-con-boxed e-con e-parent\" data-id=\"54cde6ec\" data-element_type=\"container\" data-e-type=\"container\" data-settings=\"{&quot;background_background&quot;:&quot;classic&quot;}\">\n\t\t\t\t\t<div class=\"e-con-inner\">\n\t\t<div class=\"elementor-element elementor-element-75765572 e-con-full e-flex e-con e-child\" data-id=\"75765572\" data-element_type=\"container\" data-e-type=\"container\">\n\t\t\t\t<div class=\"elementor-element elementor-element-7963c418 elementor-widget elementor-widget-gum_heading\" data-id=\"7963c418\" data-element_type=\"widget\" data-e-type=\"widget\" data-widget_type=\"gum_heading.default\">\n\t\t\t\t<div class=\"elementor-widget-container\">\n\t\t\t\t\t<div class=\"gum-widget-title\"><h2 class=\"section-main-title size-default\">Pogosta vpra\u0161anja<\/h2><\/div>\t\t\t\t<\/div>\n\t\t\t\t<\/div>\n\t\t\t\t<div class=\"elementor-element elementor-element-5c72fb41 elementor-widget elementor-widget-gum_heading\" data-id=\"5c72fb41\" data-element_type=\"widget\" data-e-type=\"widget\" data-widget_type=\"gum_heading.default\">\n\t\t\t\t<div class=\"elementor-widget-container\">\n\t\t\t\t\t<div class=\"gum-widget-title\"><h2 class=\"section-main-title size-default\"><span class=\"prefix\"><\/span><span class=\"maintitle\">Domov &gt; <\/span><span class=\"subfix\">Pogosta vpra\u0161anja<\/span><\/h2><\/div>\t\t\t\t<\/div>\n\t\t\t\t<\/div>\n\t\t\t\t<\/div>\n\t\t\t\t\t<\/div>\n\t\t\t\t<\/div>\n\t\t<div class=\"elementor-element elementor-element-64235a3 e-flex e-con-boxed e-con e-parent\" data-id=\"64235a3\" data-element_type=\"container\" data-e-type=\"container\" data-settings=\"{&quot;background_background&quot;:&quot;classic&quot;}\">\n\t\t\t\t\t<div class=\"e-con-inner\">\n\t\t<div class=\"elementor-element elementor-element-46dae055 e-con-full elementor-hidden-mobile e-flex e-con e-child\" data-id=\"46dae055\" data-element_type=\"container\" data-e-type=\"container\" data-settings=\"{&quot;background_background&quot;:&quot;classic&quot;}\">\n\t\t\t\t<\/div>\n\t\t<div class=\"elementor-element elementor-element-a8e3719 e-con-full e-flex e-con e-child\" data-id=\"a8e3719\" data-element_type=\"container\" data-e-type=\"container\">\n\t\t<div class=\"elementor-element elementor-element-12087093 e-con-full e-flex e-con e-child\" data-id=\"12087093\" data-element_type=\"container\" data-e-type=\"container\">\n\t\t<div class=\"elementor-element elementor-element-6891ef00 e-con-full e-flex elementor-invisible e-con e-child\" data-id=\"6891ef00\" data-element_type=\"container\" data-e-type=\"container\" data-settings=\"{&quot;animation&quot;:&quot;fadeIn&quot;}\">\n\t\t\t\t<div class=\"elementor-element elementor-element-652bb85e elementor-widget elementor-widget-heading\" data-id=\"652bb85e\" data-element_type=\"widget\" data-e-type=\"widget\" data-widget_type=\"heading.default\">\n\t\t\t\t\t<h2 class=\"elementor-heading-title elementor-size-default\">Pogosta vpra\u0161anja<\/h2>\t\t\t\t<\/div>\n\t\t\t\t<div class=\"elementor-element elementor-element-173444 elementor-widget elementor-widget-text-editor\" data-id=\"173444\" data-element_type=\"widget\" data-e-type=\"widget\" data-widget_type=\"text-editor.default\">\n\t\t\t\t\t\t\t\t\t<p>Tukaj boste na\u0161li odgovore na pogosto zastavljena vpra\u0161anja v zvezi z vajami, mentorstvom in procesom preobrazbe.<\/p>\t\t\t\t\t\t\t\t<\/div>\n\t\t\t\t<\/div>\n\t\t<div class=\"elementor-element elementor-element-5b0119a9 e-con-full e-flex elementor-invisible e-con e-child\" data-id=\"5b0119a9\" data-element_type=\"container\" data-e-type=\"container\" data-settings=\"{&quot;animation&quot;:&quot;fadeInUp&quot;}\">\n\t\t\t\t<div class=\"elementor-element elementor-element-59dced09 elementor-widget elementor-widget-elementskit-accordion\" data-id=\"59dced09\" data-element_type=\"widget\" data-e-type=\"widget\" data-widget_type=\"elementskit-accordion.default\">\n\t\t\t\t\t<div class=\"ekit-wid-con\" >\n        <div class=\"elementskit-accordion accoedion-primary\" id=\"accordion-69f296727b956\">\n\n            \n                <div class=\"elementskit-card active\">\n                    <div class=\"elementskit-card-header\" id=\"primaryHeading-0-59dced09\">\n                        <a href=\"#collapse-9b0c17569f296727b956\" class=\"ekit-accordion--toggler elementskit-btn-link collapsed\" data-ekit-toggle=\"collapse\" data-target=\"#Collapse-9b0c17569f296727b956\" aria-expanded=\"true\" aria-controls=\"Collapse-9b0c17569f296727b956\">\n                            \n                            <span class=\"ekit-accordion-title\">Koliko \u010dasa bi trajalo, da bi bili vidni rezultati?<\/span>\n\n                            \n                                <div class=\"ekit_accordion_icon_group\">\n                                    <div class=\"ekit_accordion_normal_icon\">\n                                        <!-- Normal Icon -->\n\t\t\t\t\t\t\t\t\t\t<svg class=\"ekit-svg-icon icon-down-arrow1\" viewbox=\"0 0 32 32\" xmlns=\"http:\/\/www.w3.org\/2000\/svg\"><path d=\"M31.582 8.495c-0.578-0.613-1.544-0.635-2.153-0.059l-13.43 12.723-13.428-12.723c-0.61-0.578-1.574-0.553-2.153 0.059-0.579 0.611-0.553 1.576 0.058 2.155l14.477 13.715c0.293 0.277 0.67 0.418 1.047 0.418s0.756-0.14 1.048-0.418l14.477-13.715c0.611-0.579 0.637-1.544 0.058-2.155z\"><\/path><\/svg>                                    <\/div>\n\n                                    <div class=\"ekit_accordion_active_icon\">\n                                        <!-- Active Icon -->\n\t\t\t\t\t\t\t\t\t\t<svg class=\"ekit-svg-icon icon-up-arrow\" viewbox=\"0 0 32 32\" xmlns=\"http:\/\/www.w3.org\/2000\/svg\"><path d=\"M26.915 10.844c0.451 0.451 0.451 1.162 0 1.613-0.436 0.436-1.162 0.436-1.597 0l-8.18-8.18v26.995c0 0.629-0.5 1.129-1.129 1.129s-1.146-0.5-1.146-1.129v-26.996l-8.164 8.18c-0.451 0.436-1.178 0.436-1.613 0-0.451-0.451-0.451-1.162 0-1.613l10.117-10.117c0.436-0.436 1.162-0.436 1.597 0l10.116 10.118z\"><\/path><\/svg>                                    <\/div>\n                                <\/div>\n\n                            \n                                                    <\/a>\n                    <\/div>\n\n                    <div id=\"Collapse-9b0c17569f296727b956\" class=\"show collapse\" aria-labelledby=\"primaryHeading-0-59dced09\" data-parent=\"#accordion-69f296727b956\">\n\n                        <div class=\"elementskit-card-body ekit-accordion--content\">\n                            <p>Iz izku\u0161enj dela z ljudmi imamo po 3-4 tednih vidne rezultate, v 12 tednih pa lahko pri\u010dakujemo resne rezultate.<\/p>                        <\/div>\n\n                    <\/div>\n\n                <\/div><!-- .elementskit-card END -->\n\n                \n                <div class=\"elementskit-card\">\n                    <div class=\"elementskit-card-header\" id=\"primaryHeading-1-59dced09\">\n                        <a href=\"#collapse-83f7eca69f296727b956\" class=\"ekit-accordion--toggler elementskit-btn-link collapsed\" data-ekit-toggle=\"collapse\" data-target=\"#Collapse-83f7eca69f296727b956\" aria-expanded=\"false\" aria-controls=\"Collapse-83f7eca69f296727b956\">\n                            \n                            <span class=\"ekit-accordion-title\">Ali je v na\u010drtu kak\u0161na fleksibilnost?<\/span>\n\n                            \n                                <div class=\"ekit_accordion_icon_group\">\n                                    <div class=\"ekit_accordion_normal_icon\">\n                                        <!-- Normal Icon -->\n\t\t\t\t\t\t\t\t\t\t<svg class=\"ekit-svg-icon icon-down-arrow1\" viewbox=\"0 0 32 32\" xmlns=\"http:\/\/www.w3.org\/2000\/svg\"><path d=\"M31.582 8.495c-0.578-0.613-1.544-0.635-2.153-0.059l-13.43 12.723-13.428-12.723c-0.61-0.578-1.574-0.553-2.153 0.059-0.579 0.611-0.553 1.576 0.058 2.155l14.477 13.715c0.293 0.277 0.67 0.418 1.047 0.418s0.756-0.14 1.048-0.418l14.477-13.715c0.611-0.579 0.637-1.544 0.058-2.155z\"><\/path><\/svg>                                    <\/div>\n\n                                    <div class=\"ekit_accordion_active_icon\">\n                                        <!-- Active Icon -->\n\t\t\t\t\t\t\t\t\t\t<svg class=\"ekit-svg-icon icon-up-arrow\" viewbox=\"0 0 32 32\" xmlns=\"http:\/\/www.w3.org\/2000\/svg\"><path d=\"M26.915 10.844c0.451 0.451 0.451 1.162 0 1.613-0.436 0.436-1.162 0.436-1.597 0l-8.18-8.18v26.995c0 0.629-0.5 1.129-1.129 1.129s-1.146-0.5-1.146-1.129v-26.996l-8.164 8.18c-0.451 0.436-1.178 0.436-1.613 0-0.451-0.451-0.451-1.162 0-1.613l10.117-10.117c0.436-0.436 1.162-0.436 1.597 0l10.116 10.118z\"><\/path><\/svg>                                    <\/div>\n                                <\/div>\n\n                            \n                                                    <\/a>\n                    <\/div>\n\n                    <div id=\"Collapse-83f7eca69f296727b956\" class=\"collapse\" aria-labelledby=\"primaryHeading-1-59dced09\" data-parent=\"#accordion-69f296727b956\">\n\n                        <div class=\"elementskit-card-body ekit-accordion--content\">\n                            <p>Vsekakor se vsak segment na\u010drta prilagaja glede na trenutne prilo\u017enosti in \u017eivljenjske okoli\u0161\u010dine, zato se \u010dim bolj prilagodimo.<\/p>                        <\/div>\n\n                    <\/div>\n\n                <\/div><!-- .elementskit-card END -->\n\n                \n                <div class=\"elementskit-card\">\n                    <div class=\"elementskit-card-header\" id=\"primaryHeading-2-59dced09\">\n                        <a href=\"#collapse-b65d8b769f296727b956\" class=\"ekit-accordion--toggler elementskit-btn-link collapsed\" data-ekit-toggle=\"collapse\" data-target=\"#Collapse-b65d8b769f296727b956\" aria-expanded=\"false\" aria-controls=\"Collapse-b65d8b769f296727b956\">\n                            \n                            <span class=\"ekit-accordion-title\">Ali lahko treniram doma ali v parku?<\/span>\n\n                            \n                                <div class=\"ekit_accordion_icon_group\">\n                                    <div class=\"ekit_accordion_normal_icon\">\n                                        <!-- Normal Icon -->\n\t\t\t\t\t\t\t\t\t\t<svg class=\"ekit-svg-icon icon-down-arrow1\" viewbox=\"0 0 32 32\" xmlns=\"http:\/\/www.w3.org\/2000\/svg\"><path d=\"M31.582 8.495c-0.578-0.613-1.544-0.635-2.153-0.059l-13.43 12.723-13.428-12.723c-0.61-0.578-1.574-0.553-2.153 0.059-0.579 0.611-0.553 1.576 0.058 2.155l14.477 13.715c0.293 0.277 0.67 0.418 1.047 0.418s0.756-0.14 1.048-0.418l14.477-13.715c0.611-0.579 0.637-1.544 0.058-2.155z\"><\/path><\/svg>                                    <\/div>\n\n                                    <div class=\"ekit_accordion_active_icon\">\n                                        <!-- Active Icon -->\n\t\t\t\t\t\t\t\t\t\t<svg class=\"ekit-svg-icon icon-up-arrow\" viewbox=\"0 0 32 32\" xmlns=\"http:\/\/www.w3.org\/2000\/svg\"><path d=\"M26.915 10.844c0.451 0.451 0.451 1.162 0 1.613-0.436 0.436-1.162 0.436-1.597 0l-8.18-8.18v26.995c0 0.629-0.5 1.129-1.129 1.129s-1.146-0.5-1.146-1.129v-26.996l-8.164 8.18c-0.451 0.436-1.178 0.436-1.613 0-0.451-0.451-0.451-1.162 0-1.613l10.117-10.117c0.436-0.436 1.162-0.436 1.597 0l10.116 10.118z\"><\/path><\/svg>                                    <\/div>\n                                <\/div>\n\n                            \n                                                    <\/a>\n                    <\/div>\n\n                    <div id=\"Collapse-b65d8b769f296727b956\" class=\"collapse\" aria-labelledby=\"primaryHeading-2-59dced09\" data-parent=\"#accordion-69f296727b956\">\n\n                        <div class=\"elementskit-card-body ekit-accordion--content\">\n                            <p>Vsekakor lahko, pomembna sta \u017eelja po napredku in predanost, ostalo prepustite meni.<\/p>                        <\/div>\n\n                    <\/div>\n\n                <\/div><!-- .elementskit-card END -->\n\n                \n                <div class=\"elementskit-card\">\n                    <div class=\"elementskit-card-header\" id=\"primaryHeading-3-59dced09\">\n                        <a href=\"#collapse-975da8169f296727b956\" class=\"ekit-accordion--toggler elementskit-btn-link collapsed\" data-ekit-toggle=\"collapse\" data-target=\"#Collapse-975da8169f296727b956\" aria-expanded=\"false\" aria-controls=\"Collapse-975da8169f296727b956\">\n                            \n                            <span class=\"ekit-accordion-title\">Komu je mentorstvo namenjeno?<\/span>\n\n                            \n                                <div class=\"ekit_accordion_icon_group\">\n                                    <div class=\"ekit_accordion_normal_icon\">\n                                        <!-- Normal Icon -->\n\t\t\t\t\t\t\t\t\t\t<svg class=\"ekit-svg-icon icon-down-arrow1\" viewbox=\"0 0 32 32\" xmlns=\"http:\/\/www.w3.org\/2000\/svg\"><path d=\"M31.582 8.495c-0.578-0.613-1.544-0.635-2.153-0.059l-13.43 12.723-13.428-12.723c-0.61-0.578-1.574-0.553-2.153 0.059-0.579 0.611-0.553 1.576 0.058 2.155l14.477 13.715c0.293 0.277 0.67 0.418 1.047 0.418s0.756-0.14 1.048-0.418l14.477-13.715c0.611-0.579 0.637-1.544 0.058-2.155z\"><\/path><\/svg>                                    <\/div>\n\n                                    <div class=\"ekit_accordion_active_icon\">\n                                        <!-- Active Icon -->\n\t\t\t\t\t\t\t\t\t\t<svg class=\"ekit-svg-icon icon-up-arrow\" viewbox=\"0 0 32 32\" xmlns=\"http:\/\/www.w3.org\/2000\/svg\"><path d=\"M26.915 10.844c0.451 0.451 0.451 1.162 0 1.613-0.436 0.436-1.162 0.436-1.597 0l-8.18-8.18v26.995c0 0.629-0.5 1.129-1.129 1.129s-1.146-0.5-1.146-1.129v-26.996l-8.164 8.18c-0.451 0.436-1.178 0.436-1.613 0-0.451-0.451-0.451-1.162 0-1.613l10.117-10.117c0.436-0.436 1.162-0.436 1.597 0l10.116 10.118z\"><\/path><\/svg>                                    <\/div>\n                                <\/div>\n\n                            \n                                                    <\/a>\n                    <\/div>\n\n                    <div id=\"Collapse-975da8169f296727b956\" class=\"collapse\" aria-labelledby=\"primaryHeading-3-59dced09\" data-parent=\"#accordion-69f296727b956\">\n\n                        <div class=\"elementskit-card-body ekit-accordion--content\">\n                            <p>Za vse, ki si \u017eelijo preobraziti svoje \u017eivljenje, izbolj\u0161ati svoje zdravje in dvigniti telesno pripravljenost na vi\u0161jo raven.<\/p>                        <\/div>\n\n                    <\/div>\n\n                <\/div><!-- .elementskit-card END -->\n\n                \n                <div class=\"elementskit-card\">\n                    <div class=\"elementskit-card-header\" id=\"primaryHeading-4-59dced09\">\n                        <a href=\"#collapse-a745ea369f296727b956\" class=\"ekit-accordion--toggler elementskit-btn-link collapsed\" data-ekit-toggle=\"collapse\" data-target=\"#Collapse-a745ea369f296727b956\" aria-expanded=\"false\" aria-controls=\"Collapse-a745ea369f296727b956\">\n                            \n                            <span class=\"ekit-accordion-title\">Bo prehrana sestavljena iz \u017eivil, ki jih imam rad\/a?<\/span>\n\n                            \n                                <div class=\"ekit_accordion_icon_group\">\n                                    <div class=\"ekit_accordion_normal_icon\">\n                                        <!-- Normal Icon -->\n\t\t\t\t\t\t\t\t\t\t<svg class=\"ekit-svg-icon icon-down-arrow1\" viewbox=\"0 0 32 32\" xmlns=\"http:\/\/www.w3.org\/2000\/svg\"><path d=\"M31.582 8.495c-0.578-0.613-1.544-0.635-2.153-0.059l-13.43 12.723-13.428-12.723c-0.61-0.578-1.574-0.553-2.153 0.059-0.579 0.611-0.553 1.576 0.058 2.155l14.477 13.715c0.293 0.277 0.67 0.418 1.047 0.418s0.756-0.14 1.048-0.418l14.477-13.715c0.611-0.579 0.637-1.544 0.058-2.155z\"><\/path><\/svg>                                    <\/div>\n\n                                    <div class=\"ekit_accordion_active_icon\">\n                                        <!-- Active Icon -->\n\t\t\t\t\t\t\t\t\t\t<svg class=\"ekit-svg-icon icon-up-arrow\" viewbox=\"0 0 32 32\" xmlns=\"http:\/\/www.w3.org\/2000\/svg\"><path d=\"M26.915 10.844c0.451 0.451 0.451 1.162 0 1.613-0.436 0.436-1.162 0.436-1.597 0l-8.18-8.18v26.995c0 0.629-0.5 1.129-1.129 1.129s-1.146-0.5-1.146-1.129v-26.996l-8.164 8.18c-0.451 0.436-1.178 0.436-1.613 0-0.451-0.451-0.451-1.162 0-1.613l10.117-10.117c0.436-0.436 1.162-0.436 1.597 0l10.116 10.118z\"><\/path><\/svg>                                    <\/div>\n                                <\/div>\n\n                            \n                                                    <\/a>\n                    <\/div>\n\n                    <div id=\"Collapse-a745ea369f296727b956\" class=\"collapse\" aria-labelledby=\"primaryHeading-4-59dced09\" data-parent=\"#accordion-69f296727b956\">\n\n                        <div class=\"elementskit-card-body ekit-accordion--content\">\n                            <p>Vsekakor je sama prehrana maksimalno prilagojena na\u0161im preferencam in ciljem. Jesti nekaj, kar nam ni v\u0161e\u010d, ne pride v po\u0161tev.<\/p>                        <\/div>\n\n                    <\/div>\n\n                <\/div><!-- .elementskit-card END -->\n\n                \n                <div class=\"elementskit-card\">\n                    <div class=\"elementskit-card-header\" id=\"primaryHeading-5-59dced09\">\n                        <a href=\"#collapse-5c42d4769f296727b956\" class=\"ekit-accordion--toggler elementskit-btn-link collapsed\" data-ekit-toggle=\"collapse\" data-target=\"#Collapse-5c42d4769f296727b956\" aria-expanded=\"false\" aria-controls=\"Collapse-5c42d4769f296727b956\">\n                            \n                            <span class=\"ekit-accordion-title\">Kako se izvede pla\u010dilo?<\/span>\n\n                            \n                                <div class=\"ekit_accordion_icon_group\">\n                                    <div class=\"ekit_accordion_normal_icon\">\n                                        <!-- Normal Icon -->\n\t\t\t\t\t\t\t\t\t\t<svg class=\"ekit-svg-icon icon-down-arrow1\" viewbox=\"0 0 32 32\" xmlns=\"http:\/\/www.w3.org\/2000\/svg\"><path d=\"M31.582 8.495c-0.578-0.613-1.544-0.635-2.153-0.059l-13.43 12.723-13.428-12.723c-0.61-0.578-1.574-0.553-2.153 0.059-0.579 0.611-0.553 1.576 0.058 2.155l14.477 13.715c0.293 0.277 0.67 0.418 1.047 0.418s0.756-0.14 1.048-0.418l14.477-13.715c0.611-0.579 0.637-1.544 0.058-2.155z\"><\/path><\/svg>                                    <\/div>\n\n                                    <div class=\"ekit_accordion_active_icon\">\n                                        <!-- Active Icon -->\n\t\t\t\t\t\t\t\t\t\t<svg class=\"ekit-svg-icon icon-up-arrow\" viewbox=\"0 0 32 32\" xmlns=\"http:\/\/www.w3.org\/2000\/svg\"><path d=\"M26.915 10.844c0.451 0.451 0.451 1.162 0 1.613-0.436 0.436-1.162 0.436-1.597 0l-8.18-8.18v26.995c0 0.629-0.5 1.129-1.129 1.129s-1.146-0.5-1.146-1.129v-26.996l-8.164 8.18c-0.451 0.436-1.178 0.436-1.613 0-0.451-0.451-0.451-1.162 0-1.613l10.117-10.117c0.436-0.436 1.162-0.436 1.597 0l10.116 10.118z\"><\/path><\/svg>                                    <\/div>\n                                <\/div>\n\n                            \n                                                    <\/a>\n                    <\/div>\n\n                    <div id=\"Collapse-5c42d4769f296727b956\" class=\"collapse\" aria-labelledby=\"primaryHeading-5-59dced09\" data-parent=\"#accordion-69f296727b956\">\n\n                        <div class=\"elementskit-card-body ekit-accordion--content\">\n                            <p>Odvisno od tega, kje izvedete transakcijo, je to lahko prek ban\u010dnega ra\u010duna (iz Makedonije in tujine), pa tudi prek aplikacij Western Union ali PayPal.<\/p>                        <\/div>\n\n                    <\/div>\n\n                <\/div><!-- .elementskit-card END -->\n\n                                        <\/div>\n    <\/div>\t\t\t\t<\/div>\n\t\t\t\t<\/div>\n\t\t\t\t<\/div>\n\t\t\t\t<\/div>\n\t\t\t\t\t<\/div>\n\t\t\t\t<\/div>\n\t\t<div class=\"elementor-element elementor-element-5ec3acc e-flex e-con-boxed e-con e-parent\" data-id=\"5ec3acc\" data-element_type=\"container\" data-e-type=\"container\" data-settings=\"{&quot;background_background&quot;:&quot;video&quot;,&quot;background_video_link&quot;:&quot;https:\\\/\\\/www.youtube.com\\\/watch?v=4-zjQvTDnbw&quot;,&quot;background_video_start&quot;:15,&quot;background_video_end&quot;:30,&quot;background_play_on_mobile&quot;:&quot;yes&quot;}\">\n\t\t\t\t\t<div class=\"e-con-inner\">\n\t\t<div class=\"elementor-background-video-container\">\n\t\t\t\t\t\t\t<div class=\"elementor-background-video-embed\" role=\"presentation\"><\/div>\n\t\t\t\t\t\t<\/div><div class=\"elementor-element elementor-element-6964446 e-con-full e-flex e-con e-child\" data-id=\"6964446\" data-element_type=\"container\" data-e-type=\"container\">\n\t\t\t\t<div class=\"elementor-element elementor-element-fa3e9dd elementor-widget elementor-widget-heading\" data-id=\"fa3e9dd\" data-element_type=\"widget\" data-e-type=\"widget\" data-widget_type=\"heading.default\">\n\t\t\t\t\t<h2 class=\"elementor-heading-title elementor-size-default\">Za\u010dni<\/h2>\t\t\t\t<\/div>\n\t\t\t\t<div class=\"elementor-element elementor-element-d205496 elementor-widget elementor-widget-heading\" data-id=\"d205496\" data-element_type=\"widget\" data-e-type=\"widget\" data-widget_type=\"heading.default\">\n\t\t\t\t\t<h2 class=\"elementor-heading-title elementor-size-default\">Za\u010dnite svojo fitnes pot \u0161e danes<\/h2>\t\t\t\t<\/div>\n\t\t\t\t<div class=\"elementor-element elementor-element-9cd764a elementor-align-center elementor-mobile-align-justify elementor-widget elementor-widget-button\" data-id=\"9cd764a\" data-element_type=\"widget\" data-e-type=\"widget\" data-widget_type=\"button.default\">\n\t\t\t\t\t\t\t\t\t\t<a class=\"elementor-button elementor-button-link elementor-size-sm\" href=\"https:\/\/coachdanail.com\/sl\/%d0%ba%d0%be%d0%bd%d1%82%d0%b0%d0%ba%d1%82\/\">\n\t\t\t\t\t\t<span class=\"elementor-button-content-wrapper\">\n\t\t\t\t\t\t\t\t\t<span class=\"elementor-button-text\">Kontakt<\/span>\n\t\t\t\t\t<\/span>\n\t\t\t\t\t<\/a>\n\t\t\t\t\t\t\t\t<\/div>\n\t\t\t\t<\/div>\n\t\t\t\t\t<\/div>\n\t\t\t\t<\/div>\n\t\t\t\t<\/div>\n\t\t\n    <div class=\"xs_social_share_widget xs_share_url after_content \t\tmain_content  wslu-style-1 wslu-share-box-shaped wslu-fill-colored wslu-none wslu-share-horizontal wslu-theme-font-no wslu-main_content\">\n\n\t\t\n        <ul>\n\t\t\t        <\/ul>\n    <\/div>","protected":false},"excerpt":{"rendered":"<p>\u0427\u0435\u0441\u0442\u0438 \u043f\u0440\u0430\u0448\u0430\u045a\u0430 \u0414\u043e\u043c\u0430 &gt; \u0427\u0435\u0441\u0442\u0438 \u043f\u0440\u0430\u0448\u0430\u045a\u0430 \u0427\u0435\u0441\u0442\u0438 \u043f\u0440\u0430\u0448\u0430\u045a\u0430 \u041e\u0432\u0434\u0435 \u045c\u0435 \u0433\u0438 \u043d\u0430\u0458\u0434\u0435\u0448 \u043e\u0434\u0433\u043e\u0432\u043e\u0440\u0438\u0442\u0435 \u043d\u0430 \u043d\u0430\u0458\u0447\u0435\u0441\u0442\u043e \u043f\u043e\u0441\u0442\u0430\u0432\u0443\u0432\u0430\u043d\u0438\u0442\u0435 \u043f\u0440\u0430\u0448\u0430\u045a\u0430 \u043f\u043e\u0432\u0440\u0437\u0430\u043d\u0438 \u0441\u043e \u0442\u0440\u0435\u043d\u0438\u043d\u0437\u0438\u0442\u0435, \u043c\u0435\u043d\u0442\u043e\u0440\u0441\u0442\u0432\u043e\u0442\u043e \u0438 \u043f\u0440\u043e\u0446\u0435\u0441\u043e\u0442 \u043d\u0430 \u0442\u0440\u0430\u043d\u0441\u0444\u043e\u0440\u043c\u0430\u0446\u0438\u0458\u0430. \u0417\u0430 \u043a\u043e\u043b\u043a\u0443 \u0432\u0440\u0435\u043c\u0435 \u0431\u0438 \u0438\u043c\u0430\u043b\/\u043b\u0430 \u0432\u0438\u0434\u043b\u0438\u0432\u0438 \u0440\u0435\u0437\u0443\u043b\u0442\u0430\u0442\u0438? \u041e\u0434 \u0438\u0441\u043a\u0443\u0441\u0442\u0432\u043e \u0432\u043e \u0440\u0430\u0431\u043e\u0442\u0430 \u0441\u043e \u043b\u0443\u0453\u0435, \u043f\u043e\u0441\u043b\u0435 3-4 \u043d\u0435\u0434\u0435\u043b\u0438 \u0438\u043c\u0430\u043c\u0435 \u0432\u0438\u0434\u043b\u0438\u0432\u0438 \u0440\u0435\u0437\u0443\u043b\u0442\u0430\u0442\u0438, \u0430 \u0437\u0430 12 \u043d\u0435\u0434\u0435\u043b\u0438 \u043c\u043e\u0436\u0435 \u0434\u0430 \u043e\u0447\u0435\u043a\u0443\u0432\u0430\u043c\u0435 \u0441\u0435\u0440\u0438\u043e\u0437\u043d\u0438 \u0440\u0435\u0437\u0443\u043b\u0442\u0430\u0442\u0438. \u0414\u0430\u043b\u0438 \u043f\u043e\u0441\u0442\u043e\u0438 [&hellip;]<\/p>\n","protected":false},"author":2,"featured_media":0,"parent":0,"menu_order":0,"comment_status":"closed","ping_status":"closed","template":"","meta":{"postBodyCss":"","postBodyMargin":[],"postBodyPadding":[],"postBodyBackground":{"backgroundType":"classic","gradient":""},"footnotes":""},"class_list":["post-235","page","type-page","status-publish","hentry"],"aioseo_notices":[],"_links":{"self":[{"href":"https:\/\/coachdanail.com\/sl\/wp-json\/wp\/v2\/pages\/235","targetHints":{"allow":["GET"]}}],"collection":[{"href":"https:\/\/coachdanail.com\/sl\/wp-json\/wp\/v2\/pages"}],"about":[{"href":"https:\/\/coachdanail.com\/sl\/wp-json\/wp\/v2\/types\/page"}],"author":[{"embeddable":true,"href":"https:\/\/coachdanail.com\/sl\/wp-json\/wp\/v2\/users\/2"}],"replies":[{"embeddable":true,"href":"https:\/\/coachdanail.com\/sl\/wp-json\/wp\/v2\/comments?post=235"}],"version-history":[{"count":23,"href":"https:\/\/coachdanail.com\/sl\/wp-json\/wp\/v2\/pages\/235\/revisions"}],"predecessor-version":[{"id":638,"href":"https:\/\/coachdanail.com\/sl\/wp-json\/wp\/v2\/pages\/235\/revisions\/638"}],"wp:attachment":[{"href":"https:\/\/coachdanail.com\/sl\/wp-json\/wp\/v2\/media?parent=235"}],"curies":[{"name":"wp","href":"https:\/\/api.w.org\/{rel}","templated":true}]}}