{"id":225,"date":"2026-04-11T19:19:45","date_gmt":"2026-04-11T19:19:45","guid":{"rendered":"http:\/\/coach-danail.local\/?page_id=225"},"modified":"2026-04-14T09:21:37","modified_gmt":"2026-04-14T09:21:37","slug":"%d0%b7%d0%b0%d0%bf%d0%be%d0%b7%d0%bd%d0%b0%d1%98-%d0%bc%d0%b5","status":"publish","type":"page","link":"https:\/\/coachdanail.com\/sl\/%d0%b7%d0%b0%d0%bf%d0%be%d0%b7%d0%bd%d0%b0%d1%98-%d0%bc%d0%b5\/","title":{"rendered":"Spoznaj me"},"content":{"rendered":"<div data-elementor-type=\"wp-page\" data-elementor-id=\"225\" class=\"elementor elementor-225\" data-elementor-post-type=\"page\">\n\t\t\t\t<div class=\"elementor-element elementor-element-1276b3d8 e-flex e-con-boxed e-con e-parent\" data-id=\"1276b3d8\" data-element_type=\"container\" data-e-type=\"container\" data-settings=\"{&quot;background_background&quot;:&quot;classic&quot;}\">\n\t\t\t\t\t<div class=\"e-con-inner\">\n\t\t<div class=\"elementor-element elementor-element-6539f56b e-con-full e-flex e-con e-child\" data-id=\"6539f56b\" data-element_type=\"container\" data-e-type=\"container\">\n\t\t\t\t<div class=\"elementor-element elementor-element-4fab6617 elementor-widget elementor-widget-gum_heading\" data-id=\"4fab6617\" data-element_type=\"widget\" data-e-type=\"widget\" data-widget_type=\"gum_heading.default\">\n\t\t\t\t<div class=\"elementor-widget-container\">\n\t\t\t\t\t<div class=\"gum-widget-title\"><h2 class=\"section-main-title size-default\">Spoznaj me<\/h2><\/div>\t\t\t\t<\/div>\n\t\t\t\t<\/div>\n\t\t\t\t<div class=\"elementor-element elementor-element-4bdcbdeb elementor-widget elementor-widget-gum_heading\" data-id=\"4bdcbdeb\" data-element_type=\"widget\" data-e-type=\"widget\" data-widget_type=\"gum_heading.default\">\n\t\t\t\t<div class=\"elementor-widget-container\">\n\t\t\t\t\t<div class=\"gum-widget-title\"><h2 class=\"section-main-title size-default\"><span class=\"prefix\"><\/span><span class=\"maintitle\">Domov &gt; <\/span><span class=\"subfix\">Spoznaj me<\/span><\/h2><\/div>\t\t\t\t<\/div>\n\t\t\t\t<\/div>\n\t\t\t\t<\/div>\n\t\t\t\t\t<\/div>\n\t\t\t\t<\/div>\n\t\t<div class=\"elementor-element elementor-element-694a4ee e-flex e-con-boxed e-con e-parent\" data-id=\"694a4ee\" data-element_type=\"container\" data-e-type=\"container\" data-settings=\"{&quot;background_background&quot;:&quot;gradient&quot;}\">\n\t\t\t\t\t<div class=\"e-con-inner\">\n\t\t<div class=\"elementor-element elementor-element-dc11daf e-con-full e-flex elementor-invisible e-con e-child\" data-id=\"dc11daf\" data-element_type=\"container\" data-e-type=\"container\" data-settings=\"{&quot;background_background&quot;:&quot;classic&quot;,&quot;animation&quot;:&quot;fadeInLeft&quot;}\">\n\t\t\t\t<div class=\"elementor-element elementor-element-7721ed4 elementor--h-position-center elementor--v-position-middle elementor-arrows-position-inside elementor-pagination-position-inside elementor-widget elementor-widget-slides\" data-id=\"7721ed4\" data-element_type=\"widget\" data-e-type=\"widget\" data-settings=\"{&quot;navigation&quot;:&quot;both&quot;,&quot;autoplay&quot;:&quot;yes&quot;,&quot;pause_on_hover&quot;:&quot;yes&quot;,&quot;pause_on_interaction&quot;:&quot;yes&quot;,&quot;autoplay_speed&quot;:5000,&quot;infinite&quot;:&quot;yes&quot;,&quot;transition&quot;:&quot;slide&quot;,&quot;transition_speed&quot;:500}\" data-widget_type=\"slides.default\">\n\t\t\t\t\t\t\t\t\t\t<div class=\"elementor-slides-wrapper elementor-main-swiper swiper\" role=\"region\" aria-roledescription=\"carousel\" aria-label=\"Slides\" dir=\"ltr\" data-animation=\"fadeInUp\">\n\t\t\t\t<div class=\"swiper-wrapper elementor-slides\">\n\t\t\t\t\t\t\t\t\t\t<div class=\"elementor-repeater-item-b2c09a5 swiper-slide\" role=\"group\" aria-roledescription=\"slide\"><div class=\"swiper-slide-bg\" role=\"img\" aria-label=\"IMG_1354-scaled\"><\/div><div class=\"swiper-slide-inner\" ><div class=\"swiper-slide-contents\"><\/div><\/div><\/div><div class=\"elementor-repeater-item-5f3216c swiper-slide\" role=\"group\" aria-roledescription=\"slide\"><div class=\"swiper-slide-bg\" role=\"img\" aria-label=\"IMG_6698-scaled\"><\/div><div class=\"swiper-slide-inner\" ><div class=\"swiper-slide-contents\"><\/div><\/div><\/div><div class=\"elementor-repeater-item-c10194f swiper-slide\" role=\"group\" aria-roledescription=\"slide\"><div class=\"swiper-slide-bg\" role=\"img\" aria-label=\"IMG_6220-scaled\"><\/div><div class=\"swiper-slide-inner\" ><div class=\"swiper-slide-contents\"><\/div><\/div><\/div><div class=\"elementor-repeater-item-1f2d311 swiper-slide\" role=\"group\" aria-roledescription=\"slide\"><div class=\"swiper-slide-bg\" role=\"img\" aria-label=\"20260129_podelitev diplom_141528 (1)\"><\/div><div class=\"swiper-slide-inner\" ><div class=\"swiper-slide-contents\"><\/div><\/div><\/div><div class=\"elementor-repeater-item-b89eafb swiper-slide\" role=\"group\" aria-roledescription=\"slide\"><div class=\"swiper-slide-bg\" role=\"img\" aria-label=\"IMG_5585-scaled\"><\/div><div class=\"swiper-slide-inner\" ><div class=\"swiper-slide-contents\"><\/div><\/div><\/div><div class=\"elementor-repeater-item-c4d29b8 swiper-slide\" role=\"group\" aria-roledescription=\"slide\"><div class=\"swiper-slide-bg\" role=\"img\" aria-label=\"IMG_5264\"><\/div><div class=\"swiper-slide-inner\" ><div class=\"swiper-slide-contents\"><\/div><\/div><\/div>\t\t\t\t<\/div>\n\t\t\t\t\t\t\t\t\t\t\t\t\t\t\t<div class=\"elementor-swiper-button elementor-swiper-button-prev\" role=\"button\" tabindex=\"0\" aria-label=\"Previous slide\" data-no-translation-aria-label=\"\">\n\t\t\t\t\t\t\t<svg aria-hidden=\"true\" class=\"e-font-icon-svg e-eicon-chevron-left\" viewbox=\"0 0 1000 1000\" xmlns=\"http:\/\/www.w3.org\/2000\/svg\"><path d=\"M646 125C629 125 613 133 604 142L308 442C296 454 292 471 292 487 292 504 296 521 308 533L604 854C617 867 629 875 646 875 663 875 679 871 692 858 704 846 713 829 713 812 713 796 708 779 692 767L438 487 692 225C700 217 708 204 708 187 708 171 704 154 692 142 675 129 663 125 646 125Z\"><\/path><\/svg>\t\t\t\t\t\t<\/div>\n\t\t\t\t\t\t<div class=\"elementor-swiper-button elementor-swiper-button-next\" role=\"button\" tabindex=\"0\" aria-label=\"Next slide\" data-no-translation-aria-label=\"\">\n\t\t\t\t\t\t\t<svg aria-hidden=\"true\" class=\"e-font-icon-svg e-eicon-chevron-right\" viewbox=\"0 0 1000 1000\" xmlns=\"http:\/\/www.w3.org\/2000\/svg\"><path d=\"M696 533C708 521 713 504 713 487 713 471 708 454 696 446L400 146C388 133 375 125 354 125 338 125 325 129 313 142 300 154 292 171 292 187 292 204 296 221 308 233L563 492 304 771C292 783 288 800 288 817 288 833 296 850 308 863 321 871 338 875 354 875 371 875 388 867 400 854L696 533Z\"><\/path><\/svg>\t\t\t\t\t\t<\/div>\n\t\t\t\t\t\t\t\t\t\t\t\t\t\t\t\t<div class=\"swiper-pagination\"><\/div>\n\t\t\t\t\t\t\t\t\t\t\t\t<\/div>\n\t\t\t\t\t\t\t\t<\/div>\n\t\t\t\t<\/div>\n\t\t<div class=\"elementor-element elementor-element-6ba5ac1 e-con-full e-flex elementor-invisible e-con e-child\" data-id=\"6ba5ac1\" data-element_type=\"container\" data-e-type=\"container\" data-settings=\"{&quot;animation&quot;:&quot;fadeInRight&quot;}\">\n\t\t<div class=\"elementor-element elementor-element-88056e0 e-con-full e-flex e-con e-child\" data-id=\"88056e0\" data-element_type=\"container\" data-e-type=\"container\">\n\t\t\t\t<div class=\"elementor-element elementor-element-88d134e elementor-widget elementor-widget-heading\" data-id=\"88d134e\" data-element_type=\"widget\" data-e-type=\"widget\" data-widget_type=\"heading.default\">\n\t\t\t\t\t<h2 class=\"elementor-heading-title elementor-size-default\">Spoznaj me<\/h2>\t\t\t\t<\/div>\n\t\t\t\t<div class=\"elementor-element elementor-element-55c6c0b elementor-widget elementor-widget-heading\" data-id=\"55c6c0b\" data-element_type=\"widget\" data-e-type=\"widget\" data-widget_type=\"heading.default\">\n\t\t\t\t\t<h2 class=\"elementor-heading-title elementor-size-default\">Danail Ivanov<\/h2>\t\t\t\t<\/div>\n\t\t\t\t<div class=\"elementor-element elementor-element-72beea4 elementor-widget elementor-widget-text-editor\" data-id=\"72beea4\" data-element_type=\"widget\" data-e-type=\"widget\" data-widget_type=\"text-editor.default\">\n\t\t\t\t\t\t\t\t\t<p>Sem Danail, diplomirani trener na Fakulteti za \u0161port v Ljubljani, certificirani nutricionist in trenutno magistrski \u0161tudij kineziologije.<\/p><p>Z mojim SPLETNIM mentorstvom pomagam ljudem, da pridejo v formo, izbolj\u0161ajo svoje zdravje in imajo drasti\u010dno bolj\u0161o kakovost \u017eivljenja.<\/p>\t\t\t\t\t\t\t\t<\/div>\n\t\t\t\t<\/div>\n\t\t\t\t<\/div>\n\t\t\t\t\t<\/div>\n\t\t\t\t<\/div>\n\t\t<div class=\"elementor-element elementor-element-24bd95f e-flex e-con-boxed e-con e-parent\" data-id=\"24bd95f\" data-element_type=\"container\" data-e-type=\"container\" data-settings=\"{&quot;background_background&quot;:&quot;classic&quot;}\">\n\t\t\t\t\t<div class=\"e-con-inner\">\n\t\t<div class=\"elementor-element elementor-element-0f4ab79 e-con-full e-flex e-con e-child\" data-id=\"0f4ab79\" data-element_type=\"container\" data-e-type=\"container\">\n\t\t<div class=\"elementor-element elementor-element-eaeea40 e-con-full e-flex elementor-invisible e-con e-child\" data-id=\"eaeea40\" data-element_type=\"container\" data-e-type=\"container\" data-settings=\"{&quot;animation&quot;:&quot;fadeInLeft&quot;}\">\n\t\t\t\t<div class=\"elementor-element elementor-element-fb13984 elementor-widget elementor-widget-heading\" data-id=\"fb13984\" data-element_type=\"widget\" data-e-type=\"widget\" data-widget_type=\"heading.default\">\n\t\t\t\t\t<h2 class=\"elementor-heading-title elementor-size-default\">LE ENA KORAK DO VA\u0160E \u017dIVLJENJSKE PREOBRAZBE!<\/h2>\t\t\t\t<\/div>\n\t\t\t\t<div class=\"elementor-element elementor-element-3627984 elementor-widget elementor-widget-text-editor\" data-id=\"3627984\" data-element_type=\"widget\" data-e-type=\"widget\" data-widget_type=\"text-editor.default\">\n\t\t\t\t\t\t\t\t\t<p>Le korak vas lo\u010di od \u017eivljenjske preobrazbe. Odlo\u010dite se, da boste investirali vase in prevzeli nadzor nad svojim zdravjem, samozavestjo in prihodnostjo.<\/p>\t\t\t\t\t\t\t\t<\/div>\n\t\t\t\t<\/div>\n\t\t<div class=\"elementor-element elementor-element-9acb23b e-con-full e-flex e-con e-child\" data-id=\"9acb23b\" data-element_type=\"container\" data-e-type=\"container\">\n\t\t<div class=\"elementor-element elementor-element-d4fe179 e-con-full e-flex e-con e-child\" data-id=\"d4fe179\" data-element_type=\"container\" data-e-type=\"container\">\n\t\t<div class=\"elementor-element elementor-element-6db1582 e-con-full e-flex elementor-invisible e-con e-child\" data-id=\"6db1582\" data-element_type=\"container\" data-e-type=\"container\" data-settings=\"{&quot;background_background&quot;:&quot;classic&quot;,&quot;animation&quot;:&quot;fadeInDown&quot;,&quot;animation_delay&quot;:300}\">\n\t\t<div class=\"elementor-element elementor-element-aaa8421 e-con-full e-flex e-con e-child\" data-id=\"aaa8421\" data-element_type=\"container\" data-e-type=\"container\">\n\t\t\t\t<div class=\"elementor-element elementor-element-c78c08d elementor-widget elementor-widget-image\" data-id=\"c78c08d\" data-element_type=\"widget\" data-e-type=\"widget\" data-widget_type=\"image.default\">\n\t\t\t\t\t\t\t\t\t\t\t\t\t\t\t<img decoding=\"async\" width=\"55\" height=\"55\" src=\"https:\/\/coachdanail.com\/wp-content\/uploads\/2026\/04\/Cardio-white-exercise.png\" class=\"attachment-full size-full wp-image-68\" alt=\"\" \/>\t\t\t\t\t\t\t\t\t\t\t\t\t\t\t<\/div>\n\t\t\t\t<\/div>\n\t\t<div class=\"elementor-element elementor-element-4defc5a e-con-full e-flex e-con e-child\" data-id=\"4defc5a\" data-element_type=\"container\" data-e-type=\"container\">\n\t\t\t\t<div class=\"elementor-element elementor-element-c657c07 elementor-widget elementor-widget-heading\" data-id=\"c657c07\" data-element_type=\"widget\" data-e-type=\"widget\" data-widget_type=\"heading.default\">\n\t\t\t\t\t<h2 class=\"elementor-heading-title elementor-size-default\">ZMOGLJIVOST<\/h2>\t\t\t\t<\/div>\n\t\t\t\t<div class=\"elementor-element elementor-element-cc1c0a6 elementor-widget elementor-widget-text-editor\" data-id=\"cc1c0a6\" data-element_type=\"widget\" data-e-type=\"widget\" data-widget_type=\"text-editor.default\">\n\t\t\t\t\t\t\t\t\t<p>Sistem treninga in prehrane, ki je maksimalno individualno prilagojen in dokazano prina\u0161a rezultate.<\/p>\t\t\t\t\t\t\t\t<\/div>\n\t\t\t\t<\/div>\n\t\t\t\t<\/div>\n\t\t<div class=\"elementor-element elementor-element-1e01bfa e-con-full e-flex elementor-invisible e-con e-child\" data-id=\"1e01bfa\" data-element_type=\"container\" data-e-type=\"container\" data-settings=\"{&quot;background_background&quot;:&quot;classic&quot;,&quot;animation&quot;:&quot;fadeInDown&quot;}\">\n\t\t<div class=\"elementor-element elementor-element-265871d e-con-full e-flex e-con e-child\" data-id=\"265871d\" data-element_type=\"container\" data-e-type=\"container\">\n\t\t\t\t<div class=\"elementor-element elementor-element-620b06a elementor-widget elementor-widget-image\" data-id=\"620b06a\" data-element_type=\"widget\" data-e-type=\"widget\" data-widget_type=\"image.default\">\n\t\t\t\t\t\t\t\t\t\t\t\t\t\t\t<img decoding=\"async\" width=\"55\" height=\"55\" src=\"https:\/\/coachdanail.com\/wp-content\/uploads\/2026\/04\/Cardio-white-dumble_1.png\" class=\"attachment-full size-full wp-image-61\" alt=\"\" \/>\t\t\t\t\t\t\t\t\t\t\t\t\t\t\t<\/div>\n\t\t\t\t<\/div>\n\t\t<div class=\"elementor-element elementor-element-416e986 e-con-full e-flex e-con e-child\" data-id=\"416e986\" data-element_type=\"container\" data-e-type=\"container\">\n\t\t\t\t<div class=\"elementor-element elementor-element-2219c87 elementor-widget elementor-widget-heading\" data-id=\"2219c87\" data-element_type=\"widget\" data-e-type=\"widget\" data-widget_type=\"heading.default\">\n\t\t\t\t\t<h2 class=\"elementor-heading-title elementor-size-default\">SPREMLJANJE NAPREDKA<\/h2>\t\t\t\t<\/div>\n\t\t\t\t<div class=\"elementor-element elementor-element-494724a elementor-widget elementor-widget-text-editor\" data-id=\"494724a\" data-element_type=\"widget\" data-e-type=\"widget\" data-widget_type=\"text-editor.default\">\n\t\t\t\t\t\t\t\t\t<p>Napredek se spremlja tedensko in glede na rezultate se na\u010drt spreminja.<\/p>\t\t\t\t\t\t\t\t<\/div>\n\t\t\t\t<\/div>\n\t\t\t\t<\/div>\n\t\t\t\t<\/div>\n\t\t<div class=\"elementor-element elementor-element-e388c58 e-con-full e-flex e-con e-child\" data-id=\"e388c58\" data-element_type=\"container\" data-e-type=\"container\">\n\t\t<div class=\"elementor-element elementor-element-d07cdc2 e-con-full e-flex elementor-invisible e-con e-child\" data-id=\"d07cdc2\" data-element_type=\"container\" data-e-type=\"container\" data-settings=\"{&quot;background_background&quot;:&quot;classic&quot;,&quot;animation&quot;:&quot;fadeInUp&quot;,&quot;animation_delay&quot;:900}\">\n\t\t<div class=\"elementor-element elementor-element-8997d3c e-con-full e-flex e-con e-child\" data-id=\"8997d3c\" data-element_type=\"container\" data-e-type=\"container\">\n\t\t\t\t<div class=\"elementor-element elementor-element-78c9168 elementor-widget elementor-widget-image\" data-id=\"78c9168\" data-element_type=\"widget\" data-e-type=\"widget\" data-widget_type=\"image.default\">\n\t\t\t\t\t\t\t\t\t\t\t\t\t\t\t<img decoding=\"async\" width=\"100\" height=\"99\" src=\"https:\/\/coachdanail.com\/wp-content\/uploads\/2026\/04\/006-mudra.png\" class=\"attachment-full size-full wp-image-74\" alt=\"\" \/>\t\t\t\t\t\t\t\t\t\t\t\t\t\t\t<\/div>\n\t\t\t\t<\/div>\n\t\t<div class=\"elementor-element elementor-element-a6a1fe9 e-con-full e-flex e-con e-child\" data-id=\"a6a1fe9\" data-element_type=\"container\" data-e-type=\"container\">\n\t\t\t\t<div class=\"elementor-element elementor-element-5b3afb1 elementor-widget elementor-widget-heading\" data-id=\"5b3afb1\" data-element_type=\"widget\" data-e-type=\"widget\" data-widget_type=\"heading.default\">\n\t\t\t\t\t<h2 class=\"elementor-heading-title elementor-size-default\">TRAJNOSTNI REZULTATI <\/h2>\t\t\t\t<\/div>\n\t\t\t\t<div class=\"elementor-element elementor-element-bec83f9 elementor-widget elementor-widget-text-editor\" data-id=\"bec83f9\" data-element_type=\"widget\" data-e-type=\"widget\" data-widget_type=\"text-editor.default\">\n\t\t\t\t\t\t\t\t\t<p>Pridobite prakti\u010dne izku\u0161nje in znanje, ki vam bodo spremenilo \u017eivljenje, ter navade, ki bodo del vas do konca \u017eivljenja.<\/p>\t\t\t\t\t\t\t\t<\/div>\n\t\t\t\t<\/div>\n\t\t\t\t<\/div>\n\t\t<div class=\"elementor-element elementor-element-17389ea e-con-full e-flex elementor-invisible e-con e-child\" data-id=\"17389ea\" data-element_type=\"container\" data-e-type=\"container\" data-settings=\"{&quot;background_background&quot;:&quot;classic&quot;,&quot;animation&quot;:&quot;fadeInUp&quot;,&quot;animation_delay&quot;:600}\">\n\t\t<div class=\"elementor-element elementor-element-3fef9bd e-con-full e-flex e-con e-child\" data-id=\"3fef9bd\" data-element_type=\"container\" data-e-type=\"container\">\n\t\t\t\t<div class=\"elementor-element elementor-element-f92e755 elementor-widget elementor-widget-image\" data-id=\"f92e755\" data-element_type=\"widget\" data-e-type=\"widget\" data-widget_type=\"image.default\">\n\t\t\t\t\t\t\t\t\t\t\t\t\t\t\t<img loading=\"lazy\" decoding=\"async\" width=\"55\" height=\"55\" src=\"https:\/\/coachdanail.com\/wp-content\/uploads\/2026\/04\/Cardio-white-group.png\" class=\"attachment-full size-full wp-image-79\" alt=\"\" \/>\t\t\t\t\t\t\t\t\t\t\t\t\t\t\t<\/div>\n\t\t\t\t<\/div>\n\t\t<div class=\"elementor-element elementor-element-93dbf02 e-con-full e-flex e-con e-child\" data-id=\"93dbf02\" data-element_type=\"container\" data-e-type=\"container\">\n\t\t\t\t<div class=\"elementor-element elementor-element-e11ef16 elementor-widget elementor-widget-heading\" data-id=\"e11ef16\" data-element_type=\"widget\" data-e-type=\"widget\" data-widget_type=\"heading.default\">\n\t\t\t\t\t<h2 class=\"elementor-heading-title elementor-size-default\">STALNA KOMUNIKACIJA<\/h2>\t\t\t\t<\/div>\n\t\t\t\t<div class=\"elementor-element elementor-element-95c5947 elementor-widget elementor-widget-text-editor\" data-id=\"95c5947\" data-element_type=\"widget\" data-e-type=\"widget\" data-widget_type=\"text-editor.default\">\n\t\t\t\t\t\t\t\t\t<p>Imate mentorja\/coacha, ki je na voljo za vsa vpra\u0161anja, te\u017eave, izzive...<\/p>\t\t\t\t\t\t\t\t<\/div>\n\t\t\t\t<\/div>\n\t\t\t\t<\/div>\n\t\t\t\t<\/div>\n\t\t\t\t<\/div>\n\t\t\t\t<\/div>\n\t\t\t\t\t<\/div>\n\t\t\t\t<\/div>\n\t\t<div class=\"elementor-element elementor-element-c145fa3 e-flex e-con-boxed e-con e-parent\" data-id=\"c145fa3\" data-element_type=\"container\" data-e-type=\"container\" data-settings=\"{&quot;background_background&quot;:&quot;video&quot;,&quot;background_video_link&quot;:&quot;https:\\\/\\\/www.youtube.com\\\/watch?v=4-zjQvTDnbw&quot;,&quot;background_video_start&quot;:15,&quot;background_video_end&quot;:30,&quot;background_play_on_mobile&quot;:&quot;yes&quot;}\">\n\t\t\t\t\t<div class=\"e-con-inner\">\n\t\t<div class=\"elementor-background-video-container\">\n\t\t\t\t\t\t\t<div class=\"elementor-background-video-embed\" role=\"presentation\"><\/div>\n\t\t\t\t\t\t<\/div><div class=\"elementor-element elementor-element-a82f034 e-con-full e-flex e-con e-child\" data-id=\"a82f034\" data-element_type=\"container\" data-e-type=\"container\">\n\t\t\t\t<div class=\"elementor-element elementor-element-e1eda80 elementor-widget elementor-widget-heading\" data-id=\"e1eda80\" data-element_type=\"widget\" data-e-type=\"widget\" data-widget_type=\"heading.default\">\n\t\t\t\t\t<h2 class=\"elementor-heading-title elementor-size-default\">Za\u010dni<\/h2>\t\t\t\t<\/div>\n\t\t\t\t<div class=\"elementor-element elementor-element-01571b7 elementor-widget elementor-widget-heading\" data-id=\"01571b7\" data-element_type=\"widget\" data-e-type=\"widget\" data-widget_type=\"heading.default\">\n\t\t\t\t\t<h2 class=\"elementor-heading-title elementor-size-default\">Za\u010dnite svojo fitnes pot \u0161e danes<\/h2>\t\t\t\t<\/div>\n\t\t\t\t<div class=\"elementor-element elementor-element-ffb38c0 elementor-align-center elementor-mobile-align-justify elementor-widget elementor-widget-button\" data-id=\"ffb38c0\" data-element_type=\"widget\" data-e-type=\"widget\" data-widget_type=\"button.default\">\n\t\t\t\t\t\t\t\t\t\t<a class=\"elementor-button elementor-button-link elementor-size-sm\" href=\"https:\/\/coachdanail.com\/sl\/%d0%ba%d0%be%d0%bd%d1%82%d0%b0%d0%ba%d1%82\/\">\n\t\t\t\t\t\t<span class=\"elementor-button-content-wrapper\">\n\t\t\t\t\t\t\t\t\t<span class=\"elementor-button-text\">Kontakt<\/span>\n\t\t\t\t\t<\/span>\n\t\t\t\t\t<\/a>\n\t\t\t\t\t\t\t\t<\/div>\n\t\t\t\t<\/div>\n\t\t\t\t\t<\/div>\n\t\t\t\t<\/div>\n\t\t\t\t<\/div>\n\t\t\n    <div class=\"xs_social_share_widget xs_share_url after_content \t\tmain_content  wslu-style-1 wslu-share-box-shaped wslu-fill-colored wslu-none wslu-share-horizontal wslu-theme-font-no wslu-main_content\">\n\n\t\t\n        <ul>\n\t\t\t        <\/ul>\n    <\/div>","protected":false},"excerpt":{"rendered":"<p>\u0417\u0430\u043f\u043e\u0437\u043d\u0430\u0458 \u043c\u0435 \u0414\u043e\u043c\u0430 &gt; \u0417\u0430\u043f\u043e\u0437\u043d\u0430\u0458 \u043c\u0435 \u0417\u0430\u043f\u043e\u0437\u043d\u0430\u0458 \u043c\u0435 \u0414\u0410\u041d\u0410\u0418\u041b \u0418\u0412\u0410\u041d\u041e\u0412 \u0408\u0430\u0441 \u0441\u0443\u043c \u0414\u0430\u043d\u0430\u0438\u043b, \u0434\u0438\u043f\u043b\u043e\u043c\u0438\u0440\u0430\u043d \u0442\u0440\u0435\u043d\u0435\u0440 \u043d\u0430 \u0424\u0430\u043a\u0443\u043b\u0442\u0435\u0442\u043e\u0442 \u0437\u0430 \u0441\u043f\u043e\u0440\u0442 \u0432\u043e \u0409\u0443\u0431\u0459\u0430\u043d\u0430, \u0441\u0435\u0440\u0442\u0438\u0444\u0438\u0446\u0438\u0440\u0430\u043d \u043d\u0443\u0442\u0440\u0438\u0446\u0438\u043e\u043d\u0438\u0441\u0442 \u0438 \u043c\u043e\u043c\u0435\u043d\u0442\u0430\u043b\u043d\u043e \u043d\u0430 \u043c\u0430\u0441\u0442\u0435\u0440 \u0441\u0442\u0443\u0434\u0438\u0438 (K\u0438\u043d\u0435\u0437\u0438\u043e\u043b\u043e\u0433\u0438\u0458\u0430). \u0421\u043e \u043c\u043e\u0435\u0442\u043e ONLINE \u041c\u0435\u043d\u0442\u043e\u0440\u0441\u0442\u0432\u043e \u0438\u043c \u043f\u043e\u043c\u0430\u0433\u0430\u043c \u043d\u0430 \u043b\u0443\u0453\u0435\u0442\u043e \u0434\u0430 \u0432\u043b\u0435\u0437\u0430\u0442 \u0432\u043e \u0436\u0438\u0432\u043e\u0442\u043d\u0430 \u0444\u043e\u0440\u043c\u0430, \u0434\u0430 \u0458\u0430 \u043f\u043e\u0434\u043e\u0431\u0440\u0430\u0442 \u0441\u0432\u043e\u0458\u0430\u0442\u0430 \u0437\u0434\u0440\u0430\u0432\u0441\u0442\u0432\u0435\u043d\u0430 \u0441\u043e\u0441\u0442\u043e\u0458\u0431\u0430 \u0438 \u0434\u0430 \u0438\u043c\u0430\u0430\u0442 \u0434\u0440\u0430\u0441\u0442\u0438\u0447\u043d\u043e \u043f\u043e\u043a\u0432\u0430\u043b\u0438\u0442\u0435\u0442\u0435\u043d \u0436\u0438\u0432\u043e\u0442. \u0415\u0414\u0415\u041d [&hellip;]<\/p>\n","protected":false},"author":2,"featured_media":0,"parent":0,"menu_order":0,"comment_status":"closed","ping_status":"closed","template":"","meta":{"postBodyCss":"","postBodyMargin":[],"postBodyPadding":[],"postBodyBackground":{"backgroundType":"classic","gradient":""},"footnotes":""},"class_list":["post-225","page","type-page","status-publish","hentry"],"aioseo_notices":[],"_links":{"self":[{"href":"https:\/\/coachdanail.com\/sl\/wp-json\/wp\/v2\/pages\/225","targetHints":{"allow":["GET"]}}],"collection":[{"href":"https:\/\/coachdanail.com\/sl\/wp-json\/wp\/v2\/pages"}],"about":[{"href":"https:\/\/coachdanail.com\/sl\/wp-json\/wp\/v2\/types\/page"}],"author":[{"embeddable":true,"href":"https:\/\/coachdanail.com\/sl\/wp-json\/wp\/v2\/users\/2"}],"replies":[{"embeddable":true,"href":"https:\/\/coachdanail.com\/sl\/wp-json\/wp\/v2\/comments?post=225"}],"version-history":[{"count":25,"href":"https:\/\/coachdanail.com\/sl\/wp-json\/wp\/v2\/pages\/225\/revisions"}],"predecessor-version":[{"id":641,"href":"https:\/\/coachdanail.com\/sl\/wp-json\/wp\/v2\/pages\/225\/revisions\/641"}],"wp:attachment":[{"href":"https:\/\/coachdanail.com\/sl\/wp-json\/wp\/v2\/media?parent=225"}],"curies":[{"name":"wp","href":"https:\/\/api.w.org\/{rel}","templated":true}]}}